{"id":166,"date":"2019-09-06T12:14:59","date_gmt":"2019-09-06T12:14:59","guid":{"rendered":"https:\/\/wijkfugellan.nl\/?page_id=166"},"modified":"2019-09-06T12:22:56","modified_gmt":"2019-09-06T12:22:56","slug":"over-de-wijk","status":"publish","type":"page","link":"https:\/\/wijkfugellan.nl\/?page_id=166","title":{"rendered":"Over de wijk"},"content":{"rendered":"<div id=\"pl-166\"  class=\"panel-layout\" ><div id=\"pg-166-0\"  class=\"panel-grid panel-no-style\" ><div id=\"pgc-166-0-0\"  class=\"panel-grid-cell\" ><div id=\"panel-166-0-0-0\" class=\"so-panel widget widget_sow-editor panel-first-child panel-last-child\" data-index=\"0\" ><div\n\t\t\t\n\t\t\tclass=\"so-widget-sow-editor so-widget-sow-editor-base\"\n\t\t\t\n\t\t>\n<div class=\"siteorigin-widget-tinymce textwidget\">\n\t<p class=\"card-text\" style=\"margin-top: 0cm;\">De wijk F\u00fbgell\u00e2n heeft een totale oppervlakte van 90 hectare, waarvan 85 land en 4 water (100 hectare is 1 km2). De gemiddelde dichtheid van adressen is 719 adressen per km2. Er wonen 1.030 huishoudens in buurt het F\u00fbgell\u00e2n.<\/p>\n<p class=\"card-text\" style=\"margin: 0cm; margin-bottom: .0001pt; box-sizing: border-box;\">De gegevens van de wijk F\u00fbgell\u00e2n voor de jaren 2013 tot en met 2014 zijn berekend. Voor de berekening is de positie van de wijk op de kaart gebruikt, zie <a title=\"Bekijk de toelichting en details van de berekening van historische gegevens voor deze buurt\" href=\"https:\/\/allecijfers.nl\/buurt\/dokkum-fugellan-dongeradeel#berekening\"><span style=\"text-decoration: none; text-underline: none;\">deze toelichting<\/span><\/a>.<\/p>\n<p>&nbsp;<\/p>\n<p><img loading=\"lazy\" decoding=\"async\" class=\"aligncenter size-full wp-image-173\" src=\"https:\/\/wijkfugellan.nl\/wp-content\/uploads\/2019\/09\/Googelmaps.jpg\" alt=\"\" width=\"883\" height=\"715\" srcset=\"https:\/\/wijkfugellan.nl\/wp-content\/uploads\/2019\/09\/Googelmaps.jpg 883w, https:\/\/wijkfugellan.nl\/wp-content\/uploads\/2019\/09\/Googelmaps-300x243.jpg 300w, https:\/\/wijkfugellan.nl\/wp-content\/uploads\/2019\/09\/Googelmaps-768x622.jpg 768w\" sizes=\"auto, (max-width: 883px) 100vw, 883px\" \/><\/p>\n<p>GoogleMaps<\/p>\n<\/div>\n<\/div><\/div><\/div><\/div><\/div>","protected":false},"excerpt":{"rendered":"<p>De wijk F\u00fbgell\u00e2n heeft een totale oppervlakte van 90 hectare, waarvan 85 land en 4 water (100 hectare is 1 km2). De gemiddelde dichtheid van adressen is 719 adressen per km2. Er wonen 1.030 huishoudens in buurt het F\u00fbgell\u00e2n. De gegevens van de wijk F\u00fbgell\u00e2n voor de jaren 2013 tot en met 2014 zijn berekend. Voor de berekening is de [&hellip;]<\/p>\n","protected":false},"author":2,"featured_media":0,"parent":0,"menu_order":0,"comment_status":"closed","ping_status":"closed","template":"","meta":{"ngg_post_thumbnail":0,"footnotes":""},"class_list":["post-166","page","type-page","status-publish","hentry"],"jetpack_sharing_enabled":true,"jetpack_likes_enabled":true,"_links":{"self":[{"href":"https:\/\/wijkfugellan.nl\/index.php?rest_route=\/wp\/v2\/pages\/166","targetHints":{"allow":["GET"]}}],"collection":[{"href":"https:\/\/wijkfugellan.nl\/index.php?rest_route=\/wp\/v2\/pages"}],"about":[{"href":"https:\/\/wijkfugellan.nl\/index.php?rest_route=\/wp\/v2\/types\/page"}],"author":[{"embeddable":true,"href":"https:\/\/wijkfugellan.nl\/index.php?rest_route=\/wp\/v2\/users\/2"}],"replies":[{"embeddable":true,"href":"https:\/\/wijkfugellan.nl\/index.php?rest_route=%2Fwp%2Fv2%2Fcomments&post=166"}],"version-history":[{"count":5,"href":"https:\/\/wijkfugellan.nl\/index.php?rest_route=\/wp\/v2\/pages\/166\/revisions"}],"predecessor-version":[{"id":174,"href":"https:\/\/wijkfugellan.nl\/index.php?rest_route=\/wp\/v2\/pages\/166\/revisions\/174"}],"wp:attachment":[{"href":"https:\/\/wijkfugellan.nl\/index.php?rest_route=%2Fwp%2Fv2%2Fmedia&parent=166"}],"curies":[{"name":"wp","href":"https:\/\/api.w.org\/{rel}","templated":true}]}}